{"id":911,"date":"2020-04-09T07:55:07","date_gmt":"2020-04-09T07:55:07","guid":{"rendered":"https:\/\/antigypsyism.si\/?page_id=911"},"modified":"2020-04-15T11:21:41","modified_gmt":"2020-04-15T11:21:41","slug":"romkinje-protiv-antiromizma","status":"publish","type":"page","link":"https:\/\/antigypsyism.si\/hr\/romkinje-protiv-antiromizma\/","title":{"rendered":"Romkinje protiv antiromizma"},"content":{"rendered":"<p>[et_pb_section fb_built=&#8221;1&#8243; _builder_version=&#8221;4.3.2&#8243;][et_pb_row _builder_version=&#8221;4.4.2&#8243; width=&#8221;60%&#8221; module_alignment=&#8221;center&#8221;][et_pb_column type=&#8221;4_4&#8243; _builder_version=&#8221;4.3.2&#8243;][et_pb_text _builder_version=&#8221;4.4.2&#8243; header_font=&#8221;Montserrat|700||on|||||&#8221; header_text_color=&#8221;#000000&#8243; header_line_height=&#8221;1.5em&#8221;]<\/p>\n<h1>Romkinje protiv antiromizma<\/h1>\n<p>[\/et_pb_text][et_pb_text _builder_version=&#8221;4.4.2&#8243; text_text_color=&#8221;#000000&#8243; header_5_font=&#8221;Montserrat|600||on|||||&#8221; header_5_text_color=&#8221;#0c71c3&#8243;]Romkinje su jedne najdiskriminiranijih i ranjivih podgrupa u dru\u0161tvu. S jedne strane, diskriminira ih civilno dru\u0161tvo, a s druge strane su diskriminirane i unutar romskih zajednica, gdje su patrijarhalni pogledi jo\u0161 uvijek jako prisutni, zbog \u010dega su njihove uloge ograni\u010dene na njihova doma\u0107instva. Romkinje su \u010desto svjesne problema diskriminacije s strane civilnog dru\u0161tva, me\u0111utim nisu u tolikoj mjeri svjesne diskriminacije s vlastite strane \u2013 romske zajednice, koje \u010desto ne prepoznaju pitanja rodne diskriminacije u vlastitoj zajednici.<\/p>\n<p>Na\u0161a glavna ideja je opunomo\u0107iti Romkinje s osnovnim znanjem o diskriminaciji, razli\u010ditim tipovima i razinama iste te ih ohrabriti da prepoznaju diskriminatorno pona\u0161anje i zauzmu stav protiv. Jer je tema diskriminacije me\u0111u Romkinjama \u010desto osjetljiva, moramo po\u0161tovati povjerenost informacija\/sadr\u017eaja\/razgovora i eti\u010dki kod.<\/p>\n<p>&nbsp;<\/p>\n<h5>TEME:<\/h5>\n<p>Diskriminacija, ljudska prava, romska zajednica <\/p>\n<p>&nbsp;<\/p>\n<h5>VELI\u010cINA GRUPA:<\/h5>\n<p>5 &#8211; 10 sudionica<\/p>\n<p>&nbsp;<\/p>\n<h5>TRAJANJE:<\/h5>\n<p>90 minuta<\/p>\n<p>&nbsp;<\/p>\n<h5>PREGLED:<\/h5>\n<p>Kori\u0161tenjem medijskih izvje\u0161taja, izravno povezanih s romskim zajednicama i Romkinjama, sudionice raspravljaju o idealu romske zajednice unutar civilnog dru\u0161tva, sudionice pru\u017eaju svoje vlastite primjere susreta s diskriminatornim pona\u0161anjem i stvaraju ideje koje se navezuju na temu kako se suo\u010diti s razli\u010ditim vrstama diskriminacije.<\/p>\n<p>&nbsp;<\/p>\n<h5>POVEZANA PRAVA:<\/h5>\n<ul>\n<li>Bez diskriminacije<\/li>\n<li>Sloboda mi\u0161ljenja i vjere<\/li>\n<li>Pravo na obrazovanje<\/li>\n<\/ul>\n<p>&nbsp;<\/p>\n<h5>CILJEVI:<\/h5>\n<ul>\n<li>Romkinjama pomo\u0107i prepoznati razli\u010dite vrste diskriminacijey<\/li>\n<li>Romkinjama pomo\u0107i promisliti njihov ulogu unutar dru\u0161tva i njihove zajednice<\/li>\n<li>Razviti strategije koje bi omogu\u0107ile da Romkinje nagovaraju pitanja diskriminacije<\/li>\n<li>Sprije\u010diti diskriminatorne poglede prema romskoj zajednici<\/li>\n<\/ul>\n<p>&nbsp;<\/p>\n<h5>MATERIJALI:<\/h5>\n<ul>\n<li>\u010clanci iz medija koji spominju romsku zajednicu (1 \u010dlanak na sudionicu)<\/li>\n<li>Markeri<\/li>\n<li>Kartice, na kojima su navedene razli\u010dite vrste diskriminacije<\/li>\n<li>Flipchart<\/li>\n<\/ul>\n<p>&nbsp;<\/p>\n<h5>PRIPREMA<\/h5>\n<ul>\n<li>Potra\u017eiti i natisnuti \u010dlanke iz medija, skladno s brojem sudionika<\/li>\n<li>Napraviti kartice koje navode razli\u010dite vrste diskriminacije<\/li>\n<li>Napraviti evaluacijski upitnik<\/li>\n<\/ul>\n<p>&nbsp;<\/p>\n<h5>UPUTSTVA<\/h5>\n<ol>\n<li>Upitati grupu sudionika kako zami\u0161ljaju diskriminaciju. Poticati ih da razmi\u0161ljaju o primjerima diskriminacije za koju su \u010duli. Poku\u0161ajte sudionike usmjeravati da smisle definiciju diskriminacije. Ako ne mogu do\u0107i do zaklju\u010dka, predstavite sljede\u0107u definiciju: druga\u010diji tretman osoba ili grupe ljudi, pogotovo ako je taj tretman gori od toga kako se ina\u010de tretira ljudi, zbog njihove boje ko\u017ee, roda, seksualnosti itd.<\/li>\n<li>Podijelite \u010dlanke iz medija (jedan \u010dlanak na sudionika) koji se ti\u010du romske zajednice. Zamolite sudionike da sami pro\u010ditaju \u010dlanak i ozna\u010de rije\u010di, koje smatraju diskriminatornim prema romskoj zajednice. Dajte sudionicima 15 minuta da pro\u010ditaju \u010dlanak.<\/li>\n<li>Zamolite sudionike da predstave svoja otkri\u0107a o diskriminaciji Roma u \u010dlancima. U to vrijeme Romkinje obi\u010dno prepoznaju da mediji u glavnom \u0161ire negativne informacije o Romima, \u0161to se kasnije odra\u017eava na cijelu zajednicu, ne samo na pojedince spomenute u tim \u010dlancima. Pitajte koji su naj\u010de\u0161\u0107i stereotipi o Romima i pitajte ako su se ikad osje\u0107ali diskriminirani zbog njih.<\/li>\n<li>Zamolite sudionike da oblikuju dvije grupe i podijele \u201cdiskriminacijske kartice\u201d objema (iste karte za obje grupe). Prvu grupu zamolite da raspravlja o razli\u010ditim vrstama diskriminacije u vezi s civilnim dru\u0161tvom, a drugu grupu pa raspravlja o istim vrstama diskriminacije u vezi s romskom zajednicom. Zamolite sudionike da zapi\u0161u primjere na flipcat i predstave svoja iskustva s diskriminacijom drugih.<\/li>\n<li>Pri\u010dajte o ishodima i postavite pitanje kako oni mogu sprije\u010diti diskriminaciju u raznim okru\u017eenjima? \u0160to mogu uraditi kao pojedinci? \u0160to mogu uraditi kao zajednica?<\/li>\n<li>Zavr\u0161ite radionicu s informiranjem sudionika o tome kako se skladno s dr\u017eavnim zakonima prijavi diskriminacija, kako bi mogli pravno prijaviti incidente u kojima su bili diskriminirani.<\/li>\n<\/ol>\n<p>&nbsp;<\/p>\n<h5>IZVJE\u0160TAJ I EVALUACIJA:<\/h5>\n<ul>\n<li>Je li bilo te\u0161ko definirati pojam diskriminacija? Da li ste uspjeli sami definirati, imate li sada bolje razumijevanje \u0161to diskriminacija jest?<\/li>\n<li>Da li ste olako na\u0161li razli\u010dite vrste diskriminacije? Ako da, za\u0161to mislite da je tome tako?<\/li>\n<li>Je li vam bilo lak\u0161e raditi u grupi ili pojedina\u010dno?<\/li>\n<li>Mislite li da su stereotipi povezani s diskriminacijom? Kako?<\/li>\n<li>Mislite li da su Romkinje vi\u0161e diskriminirane nego mu\u0161ki pripadnici romske zajednice?<\/li>\n<li>Da li ikada mislite da ste vi diskriminatorni prema nekome? Za\u0161to?<\/li>\n<li>Da li ste ikad razmi\u0161ljali o prijavljivanju diskriminacije? Ako ne, za\u0161to to ne biste uradili?<\/li>\n<li>Podijelite op\u0107i upitnik gdje \u0107e sudionici mo\u0107i ocijeniti zadovoljstvo s aktivno\u0161\u0107u.<\/li>\n<\/ul>\n<p>&nbsp;<\/p>\n<h5>SAVJETI ZA FACILITATORE:<\/h5>\n<p>Jer je aktivnost namijenjena \u017eenskim \u010dlanicama romske zajednice, tako\u0111er predla\u017eemo da aktivnost facilitira \u017eena\/\u017eene, jer \u0107e biti jednostavnije stvoriti uzajamno povjerenje, koje je potrebno kako bi Romkinje podijelile svoja iskustva s diskriminacijom.<\/p>\n<p>Brojne Romkinje nisu imale priliku ste\u0107i osnovno \u0161kolovanje, zbog \u010dega imaju problema s pismeno\u0161\u0107u. Pru\u017eajte tuma\u010da ako je to potrebno ili aktivnost provedite na na\u010din gdje jo\u0161 bar jedna osoba mo\u017ee pru\u017eati potporu sudionicama kada \u010ditaju i razmatraju \u010dlanke iz medija.<\/p>\n<p>Kada tra\u017eite \u010dlanke u medijima, poku\u0161ajte na\u0107i barem jedan ili dva, koji romsku zajednicu predstavljaju na pozitivan na\u010din.<\/p>\n<p>Kada raspravljate o diskriminaciji unutar romske zajednice, budite oprezni da ne pre\u0111ete granice, jer je to jako osjetljiva i osobna tema. Ako vidite da se neke od sudionica ne osje\u0107aju ugodno s na\u010dinom na koji se o temi raspravlja, potrudite se promijeniti smjer diskusije.<\/p>\n<p>Pru\u017eajte sudionicama informacije o tome kako prijaviti diskriminaciju na jednostavan na\u010din, koji \u0107e razumjeti, vodite ih kroz proces prijavljivanja diskriminacije, ako bude potrebno.<\/p>\n<p>&nbsp;<\/p>\n<h5>PRIJEDLOZI ZA PRATE\u0106E AKTIVNOSTI:<\/h5>\n<p>Poti\u010dite grupu da dalje istra\u017euje diskriminaciju u njihovim dnevnim \u017eivotima. Ostavite im va\u0161 kontakt u slu\u010daju da \u0107e biti diskriminirane i da \u0107e htjeti o tome u budu\u0107nosti pri\u010dati ili ako bi pak trebale pomo\u0107 kot prijavljivanja diskriminacije.<\/p>\n<p>&nbsp;<\/p>\n<h5>DODATNE INFORMACIJE:<\/h5>\n<p>Popis relevantnih \u010dlanka:<\/p>\n<p><a href=\"https:\/\/cps.ceu.edu\/roma-civil-monitor\" target=\"_blank\" rel=\"noopener noreferrer\">Roma Civil Monitor<\/a><\/p>\n<p><a href=\"https:\/\/fra.europa.eu\/en\/publication\/2019\/roma-women-nine-eu-member-states\" target=\"_blank\" rel=\"noopener noreferrer\">Roma Women in 9 EU Member States<\/a><\/p>\n<p><a href=\"https:\/\/ec.europa.eu\/info\/policies\/justice-and-fundamental-rights\/combatting-discrimination\/roma-and-eu\/roma-integration-eu_en\" target=\"_blank\" rel=\"noopener noreferrer\">Roma integration in the EU<\/a><\/p>\n<p><a href=\"https:\/\/fra.europa.eu\/sites\/default\/files\/fra_uploads\/fra-2019-frr-chapter-5-roma_en.pdf\" target=\"_blank\" rel=\"noopener noreferrer\">Fundamental Rights Report 2019<\/a><\/p>\n<p><a href=\"https:\/\/rm.coe.int\/the-human-rights-of-roma-and-travellers-in-europe\/168079b434\" target=\"_blank\" rel=\"noopener noreferrer\">Human Rights of Roma and Travellers in Europe<\/a>[\/et_pb_text][et_pb_button button_url=&#8221;https:\/\/antigypsyism.si\/wp-content\/uploads\/2020\/03\/European-Youth-Against-Antigypsyism-TOOLKIT-EN.pdf&#8221; url_new_window=&#8221;on&#8221; button_text=&#8221;Toolkit for download&#8221; button_alignment=&#8221;left&#8221; _builder_version=&#8221;4.4.2&#8243; custom_button=&#8221;on&#8221; button_text_color=&#8221;#ffffff&#8221; button_bg_color=&#8221;#ca1b2c&#8221; button_border_radius=&#8221;7px&#8221; button_font=&#8221;Montserrat|600||on|||||&#8221; button_icon=&#8221;%%233%%&#8221; button_on_hover=&#8221;off&#8221;][\/et_pb_button][\/et_pb_column][\/et_pb_row][\/et_pb_section]<\/p>\n","protected":false},"excerpt":{"rendered":"<p>Romkinje protiv antiromizmaRomkinje su jedne najdiskriminiranijih i ranjivih podgrupa u dru\u0161tvu. S jedne strane, diskriminira ih civilno dru\u0161tvo, a s druge strane su diskriminirane i unutar romskih zajednica, gdje su patrijarhalni pogledi jo\u0161 uvijek jako prisutni, zbog \u010dega su njihove uloge ograni\u010dene na njihova doma\u0107instva. Romkinje su \u010desto svjesne problema diskriminacije s strane civilnog dru\u0161tva, [&hellip;]<\/p>\n","protected":false},"author":1,"featured_media":0,"parent":0,"menu_order":0,"comment_status":"closed","ping_status":"closed","template":"","meta":{"_et_pb_use_builder":"on","_et_pb_old_content":"[et_pb_section fb_built=\"1\" _builder_version=\"4.3.2\"][et_pb_row _builder_version=\"4.4.2\" width=\"60%\" module_alignment=\"center\"][et_pb_column type=\"4_4\" _builder_version=\"4.3.2\"][et_pb_text _builder_version=\"4.4.2\" header_font=\"Montserrat|700||on|||||\" header_text_color=\"#000000\" header_line_height=\"1.5em\"]<h1>Roma Women Towards Antigypsyism<\/h1>[\/et_pb_text][et_pb_text _builder_version=\"4.4.2\" text_text_color=\"#000000\" header_5_font=\"Montserrat|600||on|||||\" header_5_text_color=\"#0c71c3\"]Roma women are being one of the most discriminated and vulnerable sub-groups within the society. On one hand, they're discriminated by the civil society, while on the other hand, they're also being discriminated within their own Roma communities, in which the patriarchal views are still very present, therefore many of these women believe their roles are limited to their households. Roma women are often aware of the issue of being discriminated by the civil society, while they're less aware of the discrimination within their own \u2013 Roma communities as they often do not recognize the issue of gender-based discrimination within their own community.\r\n\r\nOur main idea is to empower Roma women with basic knowledge on discrimination, various types and levels of it and to encourage them in order to be able to recognize discriminatory behaviours and take a stand against them. As the topic of discrimination among Roma women is quite a sensitive one, we should respect the information\/content\/conversation confidentiality and the ethical code.\r\n\r\n\u00a0\r\n<h5>THEME:<\/h5>\r\nDiscrimination, Human Rights, Roma community\r\n\r\n\u00a0\r\n<h5>GROUP SIZE:<\/h5>\r\n5 - 10 participants\r\n\r\n\u00a0\r\n<h5>TIME:<\/h5>\r\n90 minutes\r\n\r\n\u00a0\r\n<h5>OVERVIEW:<\/h5>\r\nUsing media reports that are directly linked to Roma communities and Roma women participants discuss the general ideal of Roma community within the civil society, participants give their own examples of encounters with discriminatory behaviours and create ideas related to the topic of how to deal with various types of discrimination.\r\n\r\n\u00a0\r\n<h5>RELATED RIGHTS:<\/h5>\r\n<ul>\r\n\t<li>No discrimination<\/li>\r\n\t<li>Freedom of thought and religion<\/li>\r\n\t<li>Right to education<\/li>\r\n<\/ul>\r\n\u00a0\r\n<h5>OBJECTIVES:<\/h5>\r\n<ul>\r\n\t<li>To make Roma women recognize various types of discrimination<\/li>\r\n\t<li>To make Roma women re-think their role within the society and their community<\/li>\r\n\t<li>To develop strategies that would make it possible for Roma women to address the issues of discrimination<\/li>\r\n\t<li>To prevent discriminatory views among Roma community<\/li>\r\n<\/ul>\r\n\u00a0\r\n<h5>MATERIALS:<\/h5>\r\n<ul>\r\n\t<li>Articles from media in which Roma community is mentioned (1 article per participant)<\/li>\r\n\t<li>Markers<\/li>\r\n\t<li>Cards on which the types of discrimination are listed<\/li>\r\n\t<li>Flipchart<\/li>\r\n<\/ul>\r\n\u00a0\r\n<h5>PREPARATION<\/h5>\r\n<ul>\r\n\t<li>Search and print the articles from media based on the number of participants<\/li>\r\n\t<li>Create cards on which various types of discrimination are listed<\/li>\r\n\t<li>Create the evaluation questionnaire<\/li>\r\n<\/ul>\r\n\u00a0\r\n<h5>INSTRUCTIONS<\/h5>\r\n<ol>\r\n\t<li>Ask the group of participants how they imagine discrimination? Make them think of examples of discrimination that they've heard of. Try to guide the participants to think of the definition of discrimination. If they cannot come up with a conclusion, present the following definition: treating a person or particular group of people differently, especially in a worse way from the way in which you treat other people, because of their skin colour, sex, sexuality, etc.<\/li>\r\n\t<li>Distribute the media articles (one article per participant) that are addressing the Roma community. Ask the participants to individually read the articles and mark the words that they think are being discriminatory towards Roma community. Give the participants 15 minutes to read the article.<\/li>\r\n\t<li>Ask the participants to present their discoveries of discrimination of Roma within the articles. At this point usually Roma women recognize that the media mostly spreads negative information about Roma, which later-on reflects on the whole community, not just the individuals mentioned in those articles. Ask what the most common stereotypes about Roma are and ask if they ever get discriminated in relation to those.<\/li>\r\n\t<li>Ask the participants to form two groups and distribute the 'discrimination cards' to both (same cards for both groups). Ask the first group to discuss various types of discrimination in relaton to civil society and the other group to discuss the same types of discrimination in relation to Roma community. Ask participants to write the examples on the flipchart and present their experience with discrimination to others.<\/li>\r\n\t<li>Discuss the outcomes and ask a question of how they could prevent discrimination in various environments? What can they do as individuals? What can they do as a community?<\/li>\r\n\t<li>Conclude the workshop with informing the participants on how to report discrimination, based on the national laws in order to make them aware that they can legally report incidents in which they are being discriminated.<\/li>\r\n<\/ol>\r\n\u00a0\r\n<h5>DEBRIEFING AND EVALUATION:<\/h5>\r\n<ul>\r\n\t<li>Was it difficult to define the term discrimination? Did you have the ability of defining it by yourself, do you now have a better understanding of what discrimination is?<\/li>\r\n\t<li>Did you easily find examples of various types of discrimination? If yes, why do you think that's the case?<\/li>\r\n\t<li>Was it easier to work in a group or individually?<\/li>\r\n\t<li>Do you think stereotypes are linked to discrimination? How?<\/li>\r\n\t<li>Do you think Roma women are being more discriminated than male members of Roma community?<\/li>\r\n\t<li>Do you ever consider you're being discriminatory towards someone? Why?\r\nWould you ever consider reporting discrimination? If no, why wouldn't you do it?<\/li>\r\n\t<li>Distribute overall questionnaire through which the participants can evaluate their satisfaction with the activity.<\/li>\r\n<\/ul>\r\n\u00a0\r\n<h5>TIPS FOR FACILITATORS:<\/h5>\r\nAs the activity is meant for female members of Roma community, we would recommend that the activity is facilitated by a woman\/women, as it is going to be easier to create the mutual trust, needed for Roma women to share their own experience related to discrimination.\r\n\r\nMany Roma women did not have a chance to obtain the basic education, therefore many have problems with literacy. Provide interpreter if needed or facilitate the activity with at least one more person who will be able to support the participants while reading and analysing the media articles.\r\n\r\nWhen searching for media articles, try to find at least one or two that write about Roma community positively.\r\n\r\nWhen discussing the discrimination within the Roma community, be careful not to cross the line as this is a very sensitive and personal topic. If you see that the participants aren't being comfortable with the way in which the discussion is leading, make sure to change the flow of the discussion.\r\n\r\nProvide the participants with information about how to report discrimination in a simple way that they will understand, lead them through the process of reporting discrimination if needed.\r\n\r\n\u00a0\r\n<h5>SUGGESTIONS FOR FOLLOW-UP:<\/h5>\r\nEncourage the group to further explore the discrimination in their daily lives. Give them your contact in case they'll face discrimination they'd like to discuss in the future or in case they would ever need assistance while reporting discrimination.\r\n\r\n\u00a0\r\n<h5>FURTHER INFORMATION:<\/h5>\r\nList of relevant articles:\r\n\r\n<a href=\"https:\/\/cps.ceu.edu\/roma-civil-monitor\" target=\"_blank\" rel=\"noopener noreferrer\">Roma Civil Monitor<\/a>\r\n\r\n<a href=\"https:\/\/fra.europa.eu\/en\/publication\/2019\/roma-women-nine-eu-member-states\" target=\"_blank\" rel=\"noopener noreferrer\">Roma Women in 9 EU Member States<\/a>\r\n\r\n<a href=\"https:\/\/ec.europa.eu\/info\/policies\/justice-and-fundamental-rights\/combatting-discrimination\/roma-and-eu\/roma-integration-eu_en\" target=\"_blank\" rel=\"noopener noreferrer\">Roma integration in the EU<\/a>\r\n\r\n<a href=\"https:\/\/fra.europa.eu\/sites\/default\/files\/fra_uploads\/fra-2019-frr-chapter-5-roma_en.pdf\" target=\"_blank\" rel=\"noopener noreferrer\">Fundamental Rights Report 2019<\/a>\r\n\r\n<a href=\"https:\/\/rm.coe.int\/the-human-rights-of-roma-and-travellers-in-europe\/168079b434\" target=\"_blank\" rel=\"noopener noreferrer\">Human Rights of Roma and Travellers in Europe<\/a>[\/et_pb_text][et_pb_button button_url=\"https:\/\/antigypsyism.si\/wp-content\/uploads\/2020\/03\/European-Youth-Against-Antigypsyism-TOOLKIT-EN.pdf\" url_new_window=\"on\" button_text=\"Toolkit for download\" button_alignment=\"left\" _builder_version=\"4.4.2\" custom_button=\"on\" button_text_color=\"#ffffff\" button_bg_color=\"#ca1b2c\" button_border_radius=\"7px\" button_font=\"Montserrat|600||on|||||\" button_icon=\"%%233%%\" button_on_hover=\"off\" global_module=\"557\"][\/et_pb_button][\/et_pb_column][\/et_pb_row][\/et_pb_section]","_et_gb_content_width":"","footnotes":""},"class_list":["post-911","page","type-page","status-publish","hentry"],"yoast_head":"<!-- This site is optimized with the Yoast SEO plugin v27.2 - https:\/\/yoast.com\/product\/yoast-seo-wordpress\/ -->\n<title>Romkinje protiv antiromizma - Antigypsyism<\/title>\n<meta name=\"robots\" content=\"index, follow, max-snippet:-1, max-image-preview:large, max-video-preview:-1\" \/>\n<link rel=\"canonical\" href=\"https:\/\/antigypsyism.si\/hr\/romkinje-protiv-antiromizma\/\" \/>\n<meta property=\"og:locale\" content=\"hr_HR\" \/>\n<meta property=\"og:type\" content=\"article\" \/>\n<meta property=\"og:title\" content=\"Romkinje protiv antiromizma - Antigypsyism\" \/>\n<meta property=\"og:description\" content=\"Romkinje protiv antiromizmaRomkinje su jedne najdiskriminiranijih i ranjivih podgrupa u dru\u0161tvu. S jedne strane, diskriminira ih civilno dru\u0161tvo, a s druge strane su diskriminirane i unutar romskih zajednica, gdje su patrijarhalni pogledi jo\u0161 uvijek jako prisutni, zbog \u010dega su njihove uloge ograni\u010dene na njihova doma\u0107instva. Romkinje su \u010desto svjesne problema diskriminacije s strane civilnog dru\u0161tva, [&hellip;]\" \/>\n<meta property=\"og:url\" content=\"https:\/\/antigypsyism.si\/hr\/romkinje-protiv-antiromizma\/\" \/>\n<meta property=\"og:site_name\" content=\"Antigypsyism\" \/>\n<meta property=\"article:modified_time\" content=\"2020-04-15T11:21:41+00:00\" \/>\n<meta name=\"twitter:card\" content=\"summary_large_image\" \/>\n<meta name=\"twitter:label1\" content=\"Procijenjeno vrijeme \u010ditanja\" \/>\n\t<meta name=\"twitter:data1\" content=\"6 minuta\" \/>\n<script type=\"application\/ld+json\" class=\"yoast-schema-graph\">{\"@context\":\"https:\/\/schema.org\",\"@graph\":[{\"@type\":\"WebPage\",\"@id\":\"https:\/\/antigypsyism.si\/hr\/romkinje-protiv-antiromizma\/\",\"url\":\"https:\/\/antigypsyism.si\/hr\/romkinje-protiv-antiromizma\/\",\"name\":\"Romkinje protiv antiromizma - Antigypsyism\",\"isPartOf\":{\"@id\":\"https:\/\/antigypsyism.si\/hr\/#website\"},\"datePublished\":\"2020-04-09T07:55:07+00:00\",\"dateModified\":\"2020-04-15T11:21:41+00:00\",\"breadcrumb\":{\"@id\":\"https:\/\/antigypsyism.si\/hr\/romkinje-protiv-antiromizma\/#breadcrumb\"},\"inLanguage\":\"hr\",\"potentialAction\":[{\"@type\":\"ReadAction\",\"target\":[\"https:\/\/antigypsyism.si\/hr\/romkinje-protiv-antiromizma\/\"]}]},{\"@type\":\"BreadcrumbList\",\"@id\":\"https:\/\/antigypsyism.si\/hr\/romkinje-protiv-antiromizma\/#breadcrumb\",\"itemListElement\":[{\"@type\":\"ListItem\",\"position\":1,\"name\":\"Home\",\"item\":\"https:\/\/antigypsyism.si\/hr\/\"},{\"@type\":\"ListItem\",\"position\":2,\"name\":\"Romkinje protiv antiromizma\"}]},{\"@type\":\"WebSite\",\"@id\":\"https:\/\/antigypsyism.si\/hr\/#website\",\"url\":\"https:\/\/antigypsyism.si\/hr\/\",\"name\":\"Antigypsyism\",\"description\":\"\",\"potentialAction\":[{\"@type\":\"SearchAction\",\"target\":{\"@type\":\"EntryPoint\",\"urlTemplate\":\"https:\/\/antigypsyism.si\/hr\/?s={search_term_string}\"},\"query-input\":{\"@type\":\"PropertyValueSpecification\",\"valueRequired\":true,\"valueName\":\"search_term_string\"}}],\"inLanguage\":\"hr\"}]}<\/script>\n<!-- \/ Yoast SEO plugin. -->","yoast_head_json":{"title":"Romkinje protiv antiromizma - Antigypsyism","robots":{"index":"index","follow":"follow","max-snippet":"max-snippet:-1","max-image-preview":"max-image-preview:large","max-video-preview":"max-video-preview:-1"},"canonical":"https:\/\/antigypsyism.si\/hr\/romkinje-protiv-antiromizma\/","og_locale":"hr_HR","og_type":"article","og_title":"Romkinje protiv antiromizma - Antigypsyism","og_description":"Romkinje protiv antiromizmaRomkinje su jedne najdiskriminiranijih i ranjivih podgrupa u dru\u0161tvu. S jedne strane, diskriminira ih civilno dru\u0161tvo, a s druge strane su diskriminirane i unutar romskih zajednica, gdje su patrijarhalni pogledi jo\u0161 uvijek jako prisutni, zbog \u010dega su njihove uloge ograni\u010dene na njihova doma\u0107instva. Romkinje su \u010desto svjesne problema diskriminacije s strane civilnog dru\u0161tva, [&hellip;]","og_url":"https:\/\/antigypsyism.si\/hr\/romkinje-protiv-antiromizma\/","og_site_name":"Antigypsyism","article_modified_time":"2020-04-15T11:21:41+00:00","twitter_card":"summary_large_image","twitter_misc":{"Procijenjeno vrijeme \u010ditanja":"6 minuta"},"schema":{"@context":"https:\/\/schema.org","@graph":[{"@type":"WebPage","@id":"https:\/\/antigypsyism.si\/hr\/romkinje-protiv-antiromizma\/","url":"https:\/\/antigypsyism.si\/hr\/romkinje-protiv-antiromizma\/","name":"Romkinje protiv antiromizma - Antigypsyism","isPartOf":{"@id":"https:\/\/antigypsyism.si\/hr\/#website"},"datePublished":"2020-04-09T07:55:07+00:00","dateModified":"2020-04-15T11:21:41+00:00","breadcrumb":{"@id":"https:\/\/antigypsyism.si\/hr\/romkinje-protiv-antiromizma\/#breadcrumb"},"inLanguage":"hr","potentialAction":[{"@type":"ReadAction","target":["https:\/\/antigypsyism.si\/hr\/romkinje-protiv-antiromizma\/"]}]},{"@type":"BreadcrumbList","@id":"https:\/\/antigypsyism.si\/hr\/romkinje-protiv-antiromizma\/#breadcrumb","itemListElement":[{"@type":"ListItem","position":1,"name":"Home","item":"https:\/\/antigypsyism.si\/hr\/"},{"@type":"ListItem","position":2,"name":"Romkinje protiv antiromizma"}]},{"@type":"WebSite","@id":"https:\/\/antigypsyism.si\/hr\/#website","url":"https:\/\/antigypsyism.si\/hr\/","name":"Antigypsyism","description":"","potentialAction":[{"@type":"SearchAction","target":{"@type":"EntryPoint","urlTemplate":"https:\/\/antigypsyism.si\/hr\/?s={search_term_string}"},"query-input":{"@type":"PropertyValueSpecification","valueRequired":true,"valueName":"search_term_string"}}],"inLanguage":"hr"}]}},"_links":{"self":[{"href":"https:\/\/antigypsyism.si\/hr\/wp-json\/wp\/v2\/pages\/911","targetHints":{"allow":["GET"]}}],"collection":[{"href":"https:\/\/antigypsyism.si\/hr\/wp-json\/wp\/v2\/pages"}],"about":[{"href":"https:\/\/antigypsyism.si\/hr\/wp-json\/wp\/v2\/types\/page"}],"author":[{"embeddable":true,"href":"https:\/\/antigypsyism.si\/hr\/wp-json\/wp\/v2\/users\/1"}],"replies":[{"embeddable":true,"href":"https:\/\/antigypsyism.si\/hr\/wp-json\/wp\/v2\/comments?post=911"}],"version-history":[{"count":6,"href":"https:\/\/antigypsyism.si\/hr\/wp-json\/wp\/v2\/pages\/911\/revisions"}],"predecessor-version":[{"id":1219,"href":"https:\/\/antigypsyism.si\/hr\/wp-json\/wp\/v2\/pages\/911\/revisions\/1219"}],"wp:attachment":[{"href":"https:\/\/antigypsyism.si\/hr\/wp-json\/wp\/v2\/media?parent=911"}],"curies":[{"name":"wp","href":"https:\/\/api.w.org\/{rel}","templated":true}]}}