{"id":902,"date":"2020-04-09T07:36:13","date_gmt":"2020-04-09T07:36:13","guid":{"rendered":"https:\/\/antigypsyism.si\/?page_id=902"},"modified":"2020-04-15T11:22:19","modified_gmt":"2020-04-15T11:22:19","slug":"ucitelji-protiv-antiromizma","status":"publish","type":"page","link":"https:\/\/antigypsyism.si\/hr\/ucitelji-protiv-antiromizma\/","title":{"rendered":"U\u010ditelji protiv antiromizma"},"content":{"rendered":"<p>[et_pb_section fb_built=&#8221;1&#8243; _builder_version=&#8221;4.3.2&#8243;][et_pb_row _builder_version=&#8221;4.4.2&#8243; width=&#8221;60%&#8221;][et_pb_column type=&#8221;4_4&#8243; _builder_version=&#8221;4.3.2&#8243;][et_pb_text _builder_version=&#8221;4.4.2&#8243; header_font=&#8221;Montserrat|700||on|||||&#8221; header_text_color=&#8221;#000000&#8243; header_line_height=&#8221;1.5em&#8221;]<\/p>\n<h1>U\u010ditelji protiv antiromizma<\/h1>\n<p>[\/et_pb_text][et_pb_text _builder_version=&#8221;4.4.2&#8243; text_text_color=&#8221;#000000&#8243; header_5_font=&#8221;Montserrat|600||on|||||&#8221; header_5_text_color=&#8221;#0c71c3&#8243;]<\/p>\n<p>U \u0161kolama, posebno onim s u\u010denicima iz razli\u010ditih etni\u010dkih grupa, uklju\u010duju\u0107i i Rome, \u010deste su situacije sukoba kao \u0161to su maltretiranje, diskriminacija, isklju\u010divanje, govor mr\u017enje i sl. Dio obaveza u\u010ditelja je poku\u0161avati sprije\u010diti takve situacije, rje\u0161avati sukobe i \u0161to bolje prepoznati takve situacije kada se pojave. Na \u017ealost, ve\u0107ina u\u010ditelja u multikulturnim okolinama nisu dobili nikakve obuke za rje\u0161avanje takvih situacija.<\/p>\n<p>Zamisao radionice je identificirati naj\u010de\u0161\u0107e situacije sukoba u \u0161kolama s u\u010denicima razli\u010ditih etniciteta, s naglaskom na romskim u\u010denicima i skupljati informacije o naj\u010de\u0161\u0107im praksama u\u010ditelja za sprje\u010davanje tih sukoba. Razmjena dobrih praksa iz razli\u010ditih \u0161kola omogu\u0107ila bi da se prona\u0111u najbolje.<\/p>\n<p>&nbsp;<\/p>\n<h5>TEME:<\/h5>\n<p>Sprje\u010davanje maltretiranja i govora mr\u017enje, rje\u0161avanje sukoba, romski u\u010denici<\/p>\n<p>&nbsp;<\/p>\n<h5>VELI\u010cINA GRUPE:<\/h5>\n<p>10 &#8211; 20 sudionika<\/span><\/p>\n<p>&nbsp;<\/p>\n<h5>TRAJANJE:<\/h5>\n<p>90 minuta<\/span><\/p>\n<p>&nbsp;<\/p>\n<h5>PREGLED:<\/h5>\n<p>Sudionici \u0107e mo\u0107i prepoznati i sprije\u010diti sukobe izme\u0111u u\u010denika i imati razli\u010dite mogu\u0107nosti za rje\u0161avanje, koje su se provjereno iskazale kao najbolja rje\u0161enja u stvarnim situacijama.<\/p>\n<p>&nbsp;<\/p>\n<h5>POVEZANA PRAVA:<\/h5>\n<ul>\n<li> Pravo na jednakost<\/li>\n<li> Pravo na slobodu od diskriminacije<\/li>\n<li> Pravo na \u0161kolovanje<\/li>\n<\/ul>\n<p>&nbsp;<\/p>\n<h5>CILJEVI:<\/h5>\n<ul>\n<li> Ohrabrivanje u\u010ditelja da prepoznaju i sprije\u010de situacije sukoba<\/li>\n<li> Identifikacija dobrih praksi za su\u010deljavanje s situacijama sukoba u mje\u0161ovitim \u0161kolama<\/li>\n<li> Pou\u010davanje u\u010ditelja o prikladnim intervencijama za borbu protiv diskriminacije, maltretiranja, isklju\u010divanja, govora mr\u017enje i vi\u0161e.<\/li>\n<\/ul>\n<p>&nbsp;<\/p>\n<h5>MATERIJALI:<\/h5>\n<ul>\n<li> Markeri<\/li>\n<li> Papir<\/li>\n<li> Flipchart<\/li>\n<\/ul>\n<p>&nbsp;<\/p>\n<h5>PRIPREMA<\/h5>\n<ul>\n<li> Pripremite dvoranu s odvojenim mjestima za 3 do 5 grupa<\/li>\n<li> Napravite evaluacijski upitnik<\/li>\n<\/ul>\n<p>&nbsp;<\/p>\n<h5>UPUTSTVA<\/h5>\n<ol>\n<li> Raspravljajte s sudionicima o dnevnim situacijama sukoba u \u0161koli i naj\u010de\u0161\u0107im uzrocima njihovog pojavljivanja.<\/li>\n<li>Podijelite sudionike u grupe od 3 do 5 ljudi, ako je mogu\u0107e sa najmanje dvije razli\u010dite \u0161kole u grupi. Podijelite papire i markere sudionicima.<\/li>\n<li>Zamolite sudionike da identificiraju situacije sukoba koje smatraju prisutne u svim \u0161kolama zastupanima u grupi. Omogu\u0107ite im raspravu o mjerama za spre\u010davanje i rje\u0161avanje tih sukoba, koje poduzima svaki pojedinac i neka odaberu one za koje misle da su najprikladnije i najuspje\u0161nije.<\/li>\n<li>Zamolite grupe da u 5 minuta predstave rezultate. Nakon svake prezentacije dajte im 2-3 minute za diskusiju.<\/li>\n<li>Moderirajte 15 minuta rasprave u grupi i pobrinite se da se zavr\u0161i s odabirom dviju najboljih praksi u sprje\u010davanju sukoba u \u0161koli. Pripremite poster koji uklju\u010duje razmatrane situacije sukoba i poduzete mjere za sprje\u010davanje.<\/li>\n<li>Raspravljajte s sudionicima kako se razne predstavljene najbolje prakse mogu uklju\u010diti u dnevni rad u razli\u010ditim \u0161kolama.<\/li>\n<li>Zamolite sudionike da ispune evaluacijski upitnik. <\/li>\n<\/ol>\n<p>&nbsp;<\/p>\n<h5>IZVJE\u0160TAJ I EVALUACIJA:<\/h5>\n<ul>\n<li> \u0160to mislite kako se romski u\u010denici osje\u0107aju u raznim situacijama sukoba?<\/li>\n<li>Da li mislite da \u0107e identifikacija budu\u0107ih sukoba, prije nego \u0161to se dogode, smanjiti njihov broj?<\/li>\n<li>Kako biste reagirali u identificiranju potencijalnog sukoba?<\/li>\n<li>Kako biste reagirali na prethodni sukob?<\/li>\n<li>Da li biste aplicirali koju od najboljih predstavljenih praksa u va\u0161em radu?<\/li>\n<\/ul>\n<p>&nbsp;<\/p>\n<h5>SAVJETI ZA FACILITATORE:<\/h5>\n<p>Kako bi pro\u0161irili opseg situacija sukoba u pitanju, osigurajte da \u0107e bar pet razli\u010ditih \u0161kola biti predstavljeno u grupi.<\/p>\n<p>Za sudionike je dobro ako su uklju\u010deni u\u010ditelji razli\u010ditih specijaliteta kao i oni koji rade s razli\u010ditim dobnim grupama.<\/p>\n<p>Poku\u0161ajte uklju\u010diti pripadnike tako\u0111er iz romskih \u0161kola i one koji uklju\u010duju u\u010denike razli\u010ditih etni\u010dkih pozadina. <\/p>\n<p>Za pripremu na seminar poku\u0161ajte prona\u0107i informacije o sli\u010dnim situacijama sukoba iz drugih \u0161kola pa i slu\u010daje iz drugih \u0161kola.<\/p>\n<p>&nbsp;<\/p>\n<h5>PRIJEDLOZI ZA PRATE\u0106E AKTIVNOSTI:<\/h5>\n<p>Zamolite sudionike da poku\u0161aju aplicirati neke od predlo\u017eenih najboljih praksi u svom radu i da daju povratne informacije o ishodu.<\/p>\n<p>Pru\u017eajte im informacije koje ste prikupili unaprijed na primjer iz Bugarske i tu\u0111ine i ostavite im va\u0161 kontakt za mogu\u0107a daljnja obja\u0161njenja ili sudjelovanja.<\/p>\n<p>&nbsp;<\/p>\n<h5>DODATNE INFORMACIJE:<\/h5>\n<p>Najbolje prakse nenasilnog rje\u0161avanja sukoba u i van \u0161kole. Neki primjeri:<\/p>\n<p><a href=\"https:\/\/www.unicef.org\/violencestudy\/pdf\/Non-violent%20conflict%20resolution%20-%20schools.pdf\">https:\/\/www.unicef.org\/violencestudy\/pdf\/Non-violent%20conflict%20resolution%20-%20schools.pdf<\/a><\/p>\n<p>Rje\u0161avanja sukoba u \u0161koli:<\/p>\n<p><a href=\"https:\/\/www.learnersedge.com\/blog\/resolving-conflict-in-the-classroom\">https:\/\/www.learnersedge.com\/blog\/resolving-conflict-in-the-classroom<\/a><\/p>\n<p>[\/et_pb_text][et_pb_button button_url=&#8221;https:\/\/antigypsyism.si\/wp-content\/uploads\/2020\/03\/European-Youth-Against-Antigypsyism-TOOLKIT-EN.pdf&#8221; url_new_window=&#8221;on&#8221; button_text=&#8221;Toolkit for download&#8221; button_alignment=&#8221;left&#8221; _builder_version=&#8221;4.4.2&#8243; custom_button=&#8221;on&#8221; button_text_color=&#8221;#ffffff&#8221; button_bg_color=&#8221;#ca1b2c&#8221; button_border_radius=&#8221;7px&#8221; button_font=&#8221;Montserrat|600||on|||||&#8221; button_icon=&#8221;%%233%%&#8221; button_on_hover=&#8221;off&#8221;][\/et_pb_button][\/et_pb_column][\/et_pb_row][\/et_pb_section]<\/p>\n","protected":false},"excerpt":{"rendered":"<p>U\u010ditelji protiv antiromizmaU \u0161kolama, posebno onim s u\u010denicima iz razli\u010ditih etni\u010dkih grupa, uklju\u010duju\u0107i i Rome, \u010deste su situacije sukoba kao \u0161to su maltretiranje, diskriminacija, isklju\u010divanje, govor mr\u017enje i sl. Dio obaveza u\u010ditelja je poku\u0161avati sprije\u010diti takve situacije, rje\u0161avati sukobe i \u0161to bolje prepoznati takve situacije kada se pojave. Na \u017ealost, ve\u0107ina u\u010ditelja u multikulturnim okolinama [&hellip;]<\/p>\n","protected":false},"author":1,"featured_media":0,"parent":0,"menu_order":0,"comment_status":"closed","ping_status":"closed","template":"","meta":{"_et_pb_use_builder":"on","_et_pb_old_content":"[et_pb_section fb_built=\"1\" _builder_version=\"4.3.2\"][et_pb_row _builder_version=\"4.4.2\" width=\"60%\"][et_pb_column type=\"4_4\" _builder_version=\"4.3.2\"][et_pb_text _builder_version=\"4.4.2\" header_font=\"Montserrat|700||on|||||\" header_text_color=\"#000000\" header_line_height=\"1.5em\"]<h1>Teachers Towards Antigypsyism<\/h1>[\/et_pb_text][et_pb_text _builder_version=\"4.4.2\" text_text_color=\"#000000\" header_5_font=\"Montserrat|600||on|||||\" header_5_text_color=\"#0c71c3\"]<p>In schools, especially those with students from different ethnic groups, including Roma, conflict situations of bullying, discrimination, exclusion, hate speech, etc. are very common. Part of the obligation of teachers is to try to prevent such situations, resolve conflicts, and better be able to distinguish them when they arise. Unfortunately, the majority of teachers working in a multicultural environment have not received training to deal with such situations.<\/p>\r\n<p>The idea of the workshop is to identify the most common conflict situations in schools with students of different ethnicities, with an emphasis on Roma students, and to gather information on the most commonly used practices by teachers to prevent these conflicts. The exchange of good practices from different schools will enable the most successful ones to be identified.<\/p>\r\n\u00a0\r\n<h5>THEME:<\/h5>\r\n<p>preventing harassment and hate speech, conflict resolution, Roma students<\/span><\/p>\r\n\u00a0\r\n<h5>GROUP SIZE:<\/h5>\r\n<p>10 - 20 participants<\/span><\/p>\r\n\u00a0\r\n<h5>TIME:<\/h5>\r\n<p>90 minutes<\/span><\/p>\r\n\u00a0\r\n<h5>OVERVIEW:<\/h5>\r\n<p>Participants will be able to recognize and prevent conflicts between students and will have different options for solving them, which have been tested in real-world settings.<\/p>\r\n\u00a0\r\n<h5>RELATED RIGHTS:<\/h5>\r\n<ul>\r\n<li> The right to equality<\/li>\r\n<li> Right to freedom from discrimination<\/li>\r\n<li> Right to education<\/li>\r\n<\/ul>\r\n\u00a0\r\n<h5>OBJECTIVES:<\/h5>\r\n<ul>\r\n<li> Encouraging teachers to recognize and prevent conflict situations<\/li>\r\n<li> Identification of good practices for dealing with conflict situations in mixed schools<\/li>\r\n<li> Teaching teachers appropriate interventions to tackle discrimination, harassment, exclusion, hate speech, and more.<\/li>\r\n<\/ul>\r\n\u00a0\r\n<h5>MATERIALS:<\/h5>\r\n<ul>\r\n<li> Markers<\/li>\r\n<li> Paper<\/li>\r\n<li> Flipchart<\/li>\r\n<\/ul>\r\n\u00a0\r\n<h5>PREPARATION<\/h5>\r\n<ul>\r\n<li> Prepare the hall with separate places for 3 to 5 groups<\/span><\/li>\r\n<li> Create an evaluation questionnaire<\/span><\/li>\r\n<\/ul>\r\n\u00a0\r\n<h5>INSTRUCTIONS<\/h5>\r\n<ol>\r\n<li> Discuss with the participants the daily conflict situations in schools and the most common causes of their occurrence.<\/li>\r\n<li> Divide the participants into groups of 3 to 5 people, preferably with at least two different schools in each group. Spread some paper and markers to participants.<\/li>\r\n<li> Ask the participants to identify a conflict situation that they consider to be present in all schools represented in the group. Let them discuss measures for preventing and resolving these conflicts, which are undertaken individually by each, and to choose the one that they consider most appropriate and successful.<\/li>\r\n<li> Ask the groups to present their results within 5 minutes each. After each presentation give 2-3 minutes for discussion.<\/li>\r\n<li> Conduct a 15-minute group discussion, ensuring that it ends with a selection of the two best practices in conflict prevention at school. Prepare a poster containing the conflict situations considered and the prevention measures chosen.<\/li>\r\n<li> Discuss with the participants how the various best practices presented can be incorporated into the daily work of the different schools.<\/li>\r\n<li> Ask participants to complete the evaluation questionnaire.<\/li>\r\n<\/ol>\r\n\u00a0\r\n<h5>DEBRIEFING AND EVALUATION:<\/h5>\r\n<ul>\r\n<li> How do you think Roma students feel in different conflict situations?<\/li>\r\n<li> Do you think that identifying a future conflict before it occurs will reduce their number?<\/span><\/li>\r\n<li> How would you react in identifying a potential conflict?<\/li>\r\n<li> How would you react to a pre-existing conflict?<\/span><\/li>\r\n<li> Would you apply some of the best practices presented in your work?<\/li>\r\n<\/ul>\r\n\u00a0\r\n<h5>TIPS FOR FACILITATORS:<\/h5>\r\n<p>In order to extend the scope of the conflict situations under consideration, make sure that at least five different schools are represented in the group.<\/p>\r\n<p>It is good for participants to include teachers with different specialties as well as those working with different age groups.<\/p>\r\n<p>Try to involve participants from both Roma schools and those that involve students of different ethnic backgrounds.<\/p>\r\n<p>To prepare for the seminar try to find information about similar conflict situations from other schools, and examples from other countries as well.<\/p>\r\n\u00a0\r\n<h5>SUGGESTIONS FOR FOLLOW-UP:<\/h5>\r\n<p>Ask participants to try to apply any of the best practices suggested in their work and to give feedback on the outcome.<\/p>\r\n<p>Give them the information you have gathered in advance for examples from Bulgaria and abroad and provide your contacts for any further clarification or cooperation.<\/p>\r\n\u00a0\r\n<h5>FURTHER INFORMATION:<\/h5>\r\n<p>Best Practices of Non-Violent Conflict Resolution in and out-of-school. Some examples<\/p>\r\n<p><a href=\"https:\/\/www.unicef.org\/violencestudy\/pdf\/Non-violent%20conflict%20resolution%20-%20schools.pdf\">https:\/\/www.unicef.org\/violencestudy\/pdf\/Non-violent%20conflict%20resolution%20-%20schools.pdf<\/a><\/p>\r\n<p>Resolving Conflict in the Classroom<\/p>\r\n<p><a href=\"https:\/\/www.learnersedge.com\/blog\/resolving-conflict-in-the-classroom\">https:\/\/www.learnersedge.com\/blog\/resolving-conflict-in-the-classroom<\/a><\/p>[\/et_pb_text][et_pb_button button_url=\"https:\/\/antigypsyism.si\/wp-content\/uploads\/2020\/03\/European-Youth-Against-Antigypsyism-TOOLKIT-EN.pdf\" url_new_window=\"on\" button_text=\"Toolkit for download\" button_alignment=\"left\" _builder_version=\"4.4.2\" custom_button=\"on\" button_text_color=\"#ffffff\" button_bg_color=\"#ca1b2c\" button_border_radius=\"7px\" button_font=\"Montserrat|600||on|||||\" button_icon=\"%%233%%\" button_on_hover=\"off\" global_module=\"557\"][\/et_pb_button][\/et_pb_column][\/et_pb_row][\/et_pb_section]","_et_gb_content_width":"","footnotes":""},"class_list":["post-902","page","type-page","status-publish","hentry"],"yoast_head":"<!-- This site is optimized with the Yoast SEO plugin v27.2 - https:\/\/yoast.com\/product\/yoast-seo-wordpress\/ -->\n<title>U\u010ditelji protiv antiromizma - Antigypsyism<\/title>\n<meta name=\"robots\" content=\"index, follow, max-snippet:-1, max-image-preview:large, max-video-preview:-1\" \/>\n<link rel=\"canonical\" href=\"https:\/\/antigypsyism.si\/hr\/ucitelji-protiv-antiromizma\/\" \/>\n<meta property=\"og:locale\" content=\"hr_HR\" \/>\n<meta property=\"og:type\" content=\"article\" \/>\n<meta property=\"og:title\" content=\"U\u010ditelji protiv antiromizma - Antigypsyism\" \/>\n<meta property=\"og:description\" content=\"U\u010ditelji protiv antiromizmaU \u0161kolama, posebno onim s u\u010denicima iz razli\u010ditih etni\u010dkih grupa, uklju\u010duju\u0107i i Rome, \u010deste su situacije sukoba kao \u0161to su maltretiranje, diskriminacija, isklju\u010divanje, govor mr\u017enje i sl. Dio obaveza u\u010ditelja je poku\u0161avati sprije\u010diti takve situacije, rje\u0161avati sukobe i \u0161to bolje prepoznati takve situacije kada se pojave. Na \u017ealost, ve\u0107ina u\u010ditelja u multikulturnim okolinama [&hellip;]\" \/>\n<meta property=\"og:url\" content=\"https:\/\/antigypsyism.si\/hr\/ucitelji-protiv-antiromizma\/\" \/>\n<meta property=\"og:site_name\" content=\"Antigypsyism\" \/>\n<meta property=\"article:modified_time\" content=\"2020-04-15T11:22:19+00:00\" \/>\n<meta name=\"twitter:card\" content=\"summary_large_image\" \/>\n<meta name=\"twitter:label1\" content=\"Procijenjeno vrijeme \u010ditanja\" \/>\n\t<meta name=\"twitter:data1\" content=\"4 minute\" \/>\n<script type=\"application\/ld+json\" class=\"yoast-schema-graph\">{\"@context\":\"https:\/\/schema.org\",\"@graph\":[{\"@type\":\"WebPage\",\"@id\":\"https:\/\/antigypsyism.si\/hr\/ucitelji-protiv-antiromizma\/\",\"url\":\"https:\/\/antigypsyism.si\/hr\/ucitelji-protiv-antiromizma\/\",\"name\":\"U\u010ditelji protiv antiromizma - Antigypsyism\",\"isPartOf\":{\"@id\":\"https:\/\/antigypsyism.si\/hr\/#website\"},\"datePublished\":\"2020-04-09T07:36:13+00:00\",\"dateModified\":\"2020-04-15T11:22:19+00:00\",\"breadcrumb\":{\"@id\":\"https:\/\/antigypsyism.si\/hr\/ucitelji-protiv-antiromizma\/#breadcrumb\"},\"inLanguage\":\"hr\",\"potentialAction\":[{\"@type\":\"ReadAction\",\"target\":[\"https:\/\/antigypsyism.si\/hr\/ucitelji-protiv-antiromizma\/\"]}]},{\"@type\":\"BreadcrumbList\",\"@id\":\"https:\/\/antigypsyism.si\/hr\/ucitelji-protiv-antiromizma\/#breadcrumb\",\"itemListElement\":[{\"@type\":\"ListItem\",\"position\":1,\"name\":\"Home\",\"item\":\"https:\/\/antigypsyism.si\/hr\/\"},{\"@type\":\"ListItem\",\"position\":2,\"name\":\"U\u010ditelji protiv antiromizma\"}]},{\"@type\":\"WebSite\",\"@id\":\"https:\/\/antigypsyism.si\/hr\/#website\",\"url\":\"https:\/\/antigypsyism.si\/hr\/\",\"name\":\"Antigypsyism\",\"description\":\"\",\"potentialAction\":[{\"@type\":\"SearchAction\",\"target\":{\"@type\":\"EntryPoint\",\"urlTemplate\":\"https:\/\/antigypsyism.si\/hr\/?s={search_term_string}\"},\"query-input\":{\"@type\":\"PropertyValueSpecification\",\"valueRequired\":true,\"valueName\":\"search_term_string\"}}],\"inLanguage\":\"hr\"}]}<\/script>\n<!-- \/ Yoast SEO plugin. -->","yoast_head_json":{"title":"U\u010ditelji protiv antiromizma - Antigypsyism","robots":{"index":"index","follow":"follow","max-snippet":"max-snippet:-1","max-image-preview":"max-image-preview:large","max-video-preview":"max-video-preview:-1"},"canonical":"https:\/\/antigypsyism.si\/hr\/ucitelji-protiv-antiromizma\/","og_locale":"hr_HR","og_type":"article","og_title":"U\u010ditelji protiv antiromizma - Antigypsyism","og_description":"U\u010ditelji protiv antiromizmaU \u0161kolama, posebno onim s u\u010denicima iz razli\u010ditih etni\u010dkih grupa, uklju\u010duju\u0107i i Rome, \u010deste su situacije sukoba kao \u0161to su maltretiranje, diskriminacija, isklju\u010divanje, govor mr\u017enje i sl. Dio obaveza u\u010ditelja je poku\u0161avati sprije\u010diti takve situacije, rje\u0161avati sukobe i \u0161to bolje prepoznati takve situacije kada se pojave. Na \u017ealost, ve\u0107ina u\u010ditelja u multikulturnim okolinama [&hellip;]","og_url":"https:\/\/antigypsyism.si\/hr\/ucitelji-protiv-antiromizma\/","og_site_name":"Antigypsyism","article_modified_time":"2020-04-15T11:22:19+00:00","twitter_card":"summary_large_image","twitter_misc":{"Procijenjeno vrijeme \u010ditanja":"4 minute"},"schema":{"@context":"https:\/\/schema.org","@graph":[{"@type":"WebPage","@id":"https:\/\/antigypsyism.si\/hr\/ucitelji-protiv-antiromizma\/","url":"https:\/\/antigypsyism.si\/hr\/ucitelji-protiv-antiromizma\/","name":"U\u010ditelji protiv antiromizma - Antigypsyism","isPartOf":{"@id":"https:\/\/antigypsyism.si\/hr\/#website"},"datePublished":"2020-04-09T07:36:13+00:00","dateModified":"2020-04-15T11:22:19+00:00","breadcrumb":{"@id":"https:\/\/antigypsyism.si\/hr\/ucitelji-protiv-antiromizma\/#breadcrumb"},"inLanguage":"hr","potentialAction":[{"@type":"ReadAction","target":["https:\/\/antigypsyism.si\/hr\/ucitelji-protiv-antiromizma\/"]}]},{"@type":"BreadcrumbList","@id":"https:\/\/antigypsyism.si\/hr\/ucitelji-protiv-antiromizma\/#breadcrumb","itemListElement":[{"@type":"ListItem","position":1,"name":"Home","item":"https:\/\/antigypsyism.si\/hr\/"},{"@type":"ListItem","position":2,"name":"U\u010ditelji protiv antiromizma"}]},{"@type":"WebSite","@id":"https:\/\/antigypsyism.si\/hr\/#website","url":"https:\/\/antigypsyism.si\/hr\/","name":"Antigypsyism","description":"","potentialAction":[{"@type":"SearchAction","target":{"@type":"EntryPoint","urlTemplate":"https:\/\/antigypsyism.si\/hr\/?s={search_term_string}"},"query-input":{"@type":"PropertyValueSpecification","valueRequired":true,"valueName":"search_term_string"}}],"inLanguage":"hr"}]}},"_links":{"self":[{"href":"https:\/\/antigypsyism.si\/hr\/wp-json\/wp\/v2\/pages\/902","targetHints":{"allow":["GET"]}}],"collection":[{"href":"https:\/\/antigypsyism.si\/hr\/wp-json\/wp\/v2\/pages"}],"about":[{"href":"https:\/\/antigypsyism.si\/hr\/wp-json\/wp\/v2\/types\/page"}],"author":[{"embeddable":true,"href":"https:\/\/antigypsyism.si\/hr\/wp-json\/wp\/v2\/users\/1"}],"replies":[{"embeddable":true,"href":"https:\/\/antigypsyism.si\/hr\/wp-json\/wp\/v2\/comments?post=902"}],"version-history":[{"count":6,"href":"https:\/\/antigypsyism.si\/hr\/wp-json\/wp\/v2\/pages\/902\/revisions"}],"predecessor-version":[{"id":1221,"href":"https:\/\/antigypsyism.si\/hr\/wp-json\/wp\/v2\/pages\/902\/revisions\/1221"}],"wp:attachment":[{"href":"https:\/\/antigypsyism.si\/hr\/wp-json\/wp\/v2\/media?parent=902"}],"curies":[{"name":"wp","href":"https:\/\/api.w.org\/{rel}","templated":true}]}}